{"id":36,"date":"2022-02-25T20:07:17","date_gmt":"2022-02-25T20:07:17","guid":{"rendered":"https:\/\/sacapalca.gob.ec\/?page_id=36"},"modified":"2025-01-28T20:49:47","modified_gmt":"2025-01-28T20:49:47","slug":"produccion-importante","status":"publish","type":"page","link":"https:\/\/sacapalca.gob.ec\/index.php\/produccion-importante\/","title":{"rendered":"Producci\u00f3n Importante"},"content":{"rendered":"\n<p>Sacapalca dispone de una variedad de climas que van desde el fr\u00edo moderado al c\u00e1lido seco, en las riveras de los r\u00edos, debido al enmara\u00f1amiento orogr\u00e1fico que caracteriza su suelo.<\/p>\n\n\n\n<p>La producci\u00f3n es variada, como variada es su clima. La producci\u00f3n cafetera es de excelente calidad, resultando muy rentable para los agricultores, especialmente en los sectores considerados de clima templado como: San Ignacio, la Cruz de Yazapa, Huangy, Las Huacas, Combolo, Surapo, Santa Rita, Hacienda Cana. En los sectores bajos, aprovechando la temporada invernal, se cultivan grandes extensiones de man\u00ed, as\u00ed como de: ma\u00edz, fr\u00e9jol, zarandaja, yuca y ca\u00f1a de az\u00facar. La actividad es significativa en los barrios: Sacairo, Tandora, U\u00f1a de Gato, Rancho Alegre, la Vega Grande, San Antonio, Chirimoyos, Sarapanga, Santa Esther, Cajamarquilla, Lim\u00f3n Vega, San Felipe y Pilancay. En menor cantidad, en las m\u00e1rgenes del r\u00edo Catamayo se cultiva: yuca, camote, pl\u00e1tano, guineo, ca\u00f1a de az\u00facar y \u00e1rboles frutales cuya producci\u00f3n en el per\u00edodo de invierno enero a abril es exuberante pero muy poco comercializada debido al limitado mantenimiento de las v\u00edas carrozables existentes en el sector. Son t\u00edpicos los cultivos de papaya, lim\u00f3n, lim\u00f3n dulce, mangos, mandarinas, naranjas, zapotes, aguacates, cocos, ciruelos etc.<\/p>\n\n\n\n<p>Las grandes extensiones de pastizales existentes en las zonas de clima fr\u00edo y c\u00e1lido fomentan la producci\u00f3n de ganado vacuno, caballar, lanar y porcino. Al igual que en los sectores de clima c\u00e1lido, los moradores se aferran a la producci\u00f3n de aves de corral, con preferencia gallinas y gallos de lidia, ganado caprino, caballar y vacuno.<\/p>\n\n\n\n<p>La producci\u00f3n es variada, como variada es su clima. La producci\u00f3n cafetera es de excelente calidad, resultando muy rentable para los agricultores, especialmente en los sectores considerados de clima templado como: San Ignacio, la Cruz de Yasapa, Huangy, Las Huacas, Combolo, Surapo, Santa Rita, Hacienda Cana. &nbsp;<\/p>\n\n\n<div class=\"wp-block-image\">\n<figure class=\"aligncenter size-full\"><img loading=\"lazy\" decoding=\"async\" width=\"649\" height=\"246\" src=\"https:\/\/sacapalca.gob.ec\/wp-content\/uploads\/2022\/02\/sacapalca-27.jpg\" alt=\"\" class=\"wp-image-197\" srcset=\"https:\/\/sacapalca.gob.ec\/wp-content\/uploads\/2022\/02\/sacapalca-27.jpg 649w, https:\/\/sacapalca.gob.ec\/wp-content\/uploads\/2022\/02\/sacapalca-27-300x114.jpg 300w\" sizes=\"auto, (max-width: 649px) 100vw, 649px\" \/><\/figure><\/div>\n\n\n<p>En los sectores bajos, aprovechando la temporada invernal, se cultivan grandes extensiones de man\u00ed, asi como de: ma\u00edz, fr\u00e9jol, zarandaja, yuca y ca\u00f1a de az\u00facar. La actividad es significativaen los barrios: Sacairo, Tandora, U\u00f1a de Gato, Rancho Alegre, la Vega Grande, San Antonio, Chirimoyos, Sarapanga, Santa Esther, Cajamarquilla, Limon Vega, San Felipe y Pilnancay. En menor cantidad, en las m\u00e1rgenes del r\u00edo Catamayo se cultiva: yuca, camote, pl\u00e1tano, guineo, ca\u00f1a de az\u00facar y \u00e1rboles frutales cuya producci\u00f3n en el per\u00edodo de invierno enero a abril es exuberante pero muy poco comercializada debido al limitado mantenimiento de las v\u00edas carrozables existentes en el sector. Son t\u00edpicos los cultivos de papaya, lim\u00f3n, lim\u00f3n dulce, mangos, mandarinas, naranjas, zapotes, aguacates, cocos, ciruelos etc.<\/p>\n\n\n<div class=\"wp-block-image\">\n<figure class=\"aligncenter size-full\"><img loading=\"lazy\" decoding=\"async\" width=\"648\" height=\"218\" src=\"https:\/\/sacapalca.gob.ec\/wp-content\/uploads\/2022\/02\/sacapalca-28.jpg\" alt=\"\" class=\"wp-image-198\" srcset=\"https:\/\/sacapalca.gob.ec\/wp-content\/uploads\/2022\/02\/sacapalca-28.jpg 648w, https:\/\/sacapalca.gob.ec\/wp-content\/uploads\/2022\/02\/sacapalca-28-300x101.jpg 300w\" sizes=\"auto, (max-width: 648px) 100vw, 648px\" \/><\/figure><\/div>\n\n\n<p>Las grandes extensiones de pastizales existentes en las zonas de clima fr\u00edo y c\u00e1lido fomentan la producci\u00f3n de ganado vacuno, caballar, lanar y porcino. Al igual que en los sectores de clima c\u00e1lido, los moradores se aferran a la producci\u00f3n de aves de corral, con preferencia gallinas y gallos de lidia, ganado caprino, caballar y vacuno.<\/p>\n\n\n<div class=\"wp-block-image\">\n<figure class=\"aligncenter size-full\"><img loading=\"lazy\" decoding=\"async\" width=\"644\" height=\"218\" src=\"https:\/\/sacapalca.gob.ec\/wp-content\/uploads\/2022\/02\/sacapalca-29.jpg\" alt=\"\" class=\"wp-image-199\" srcset=\"https:\/\/sacapalca.gob.ec\/wp-content\/uploads\/2022\/02\/sacapalca-29.jpg 644w, https:\/\/sacapalca.gob.ec\/wp-content\/uploads\/2022\/02\/sacapalca-29-300x102.jpg 300w\" sizes=\"auto, (max-width: 644px) 100vw, 644px\" \/><\/figure><\/div>\n\n\n<p>La parroquia Sacapalca guarda grandes potencialidades econ\u00f3mico productivas por sus invaluables recursos naturales, y es responsabilidad de la poblaci\u00f3n usarlos adecuadamente; la ganader\u00eda, agricultura y miner\u00eda, son actividades que generan ingresos y que est\u00e1n presentes en la parroquia, pero de su adecuado uso depender\u00e1 la subsistencia y calidad de los productos que aqu\u00ed se generen.<\/p>\n\n\n<div class=\"wp-block-image\">\n<figure class=\"aligncenter size-full\"><img loading=\"lazy\" decoding=\"async\" width=\"645\" height=\"229\" src=\"https:\/\/sacapalca.gob.ec\/wp-content\/uploads\/2022\/02\/sacapalca-30.jpg\" alt=\"\" class=\"wp-image-201\" srcset=\"https:\/\/sacapalca.gob.ec\/wp-content\/uploads\/2022\/02\/sacapalca-30.jpg 645w, https:\/\/sacapalca.gob.ec\/wp-content\/uploads\/2022\/02\/sacapalca-30-300x107.jpg 300w\" sizes=\"auto, (max-width: 645px) 100vw, 645px\" \/><\/figure><\/div>\n\n\n<p><strong>Producci\u00f3n av\u00edcola.<\/strong><\/p>\n\n\n\n<p>Su principal cultivo es el ma\u00edz hibrido, aunque tambi\u00e9n cultivan ma\u00edz blanco, un cultivo de ciclo corto que es sembrado al temporal aprovechando las lluvias que se producen en el per\u00edodo octubre \u2013 abril de cada a\u00f1o. Otro cultivo de ciclo corto caracter\u00edstico de la parroquia es el man\u00ed rojo y caramelo. En la localidad tambi\u00e9n sobresale el cultivo de ca\u00f1a de az\u00facar artesanal de temporalidad semipermanente que es utilizada en la producci\u00f3n de panela, entre otros diversos cultivos permanentes como frutas. En la zona y principalmente en los barrios la Cruz de Yazapa y las Huacas se cultiva en cantidades peque\u00f1as caf\u00e9, este cultivo al ser producido adecuadamente genera excelentes ingresos econ\u00f3micos.<\/p>\n\n\n<div class=\"wp-block-image\">\n<figure class=\"aligncenter size-full\"><img loading=\"lazy\" decoding=\"async\" width=\"645\" height=\"232\" src=\"https:\/\/sacapalca.gob.ec\/wp-content\/uploads\/2022\/02\/sacapalca-31.jpg\" alt=\"\" class=\"wp-image-203\" srcset=\"https:\/\/sacapalca.gob.ec\/wp-content\/uploads\/2022\/02\/sacapalca-31.jpg 645w, https:\/\/sacapalca.gob.ec\/wp-content\/uploads\/2022\/02\/sacapalca-31-300x108.jpg 300w\" sizes=\"auto, (max-width: 645px) 100vw, 645px\" \/><\/figure><\/div>\n\n\n<p><strong>Producci\u00f3n ganadera<\/strong><\/p>\n\n\n\n<p>En la parroquia Sacapalca existen alrededor de 3975,52 Ha. de suelo destinados como pastizales ubicados en zonas de clima templado y c\u00e1lido que permiten a los pocos y peque\u00f1os ganaderos realizar actividades de crianza, cuidado y comercializaci\u00f3n de ganado vacuno para consumo y venta local. En la parroquia tambi\u00e9n los hombres acompa\u00f1ados de sus esposas e hijos se dedican a la producci\u00f3n de ganado porcino, caprino, caballar, cuyes y aves de corral como gallinas, pollos, gallos y pavos para consumo familiar y cuando la ocasi\u00f3n lo amerita se los comercializa.<\/p>\n\n\n<div class=\"wp-block-image\">\n<figure class=\"aligncenter size-full\"><img loading=\"lazy\" decoding=\"async\" width=\"649\" height=\"212\" src=\"https:\/\/sacapalca.gob.ec\/wp-content\/uploads\/2022\/02\/sacapalca-32.jpg\" alt=\"\" class=\"wp-image-204\" srcset=\"https:\/\/sacapalca.gob.ec\/wp-content\/uploads\/2022\/02\/sacapalca-32.jpg 649w, https:\/\/sacapalca.gob.ec\/wp-content\/uploads\/2022\/02\/sacapalca-32-300x98.jpg 300w\" sizes=\"auto, (max-width: 649px) 100vw, 649px\" \/><\/figure><\/div>\n\n\n<p><strong>Producci\u00f3n minera<\/strong><\/p>\n\n\n\n<p>La parroquia Sacapalca posee en total de 24 concesiones mineras de las cuales: 20 son de met\u00e1licos como cobre, oro y plata, mientras que 4 son de materiales de construcci\u00f3n; las mismas que representan el 83,33% y el 16,67% respectivamente; dichos materiales se encuentran en las riveras del rio Catamayo y son extra\u00eddos por compa\u00f1\u00edas para la elaboraci\u00f3n de obras gubernamentales como v\u00edas. Por lo tanto, es necesario medir el impacto que est\u00e1n generando est\u00e1n concesiones al medio ambiente y tratar de que estas brinden alguna retribuci\u00f3n a la parroquia<\/p>\n\n\n<div class=\"wp-block-image\">\n<figure class=\"aligncenter size-full\"><img loading=\"lazy\" decoding=\"async\" width=\"648\" height=\"210\" src=\"https:\/\/sacapalca.gob.ec\/wp-content\/uploads\/2022\/02\/sacapalca-33.jpg\" alt=\"\" class=\"wp-image-205\" srcset=\"https:\/\/sacapalca.gob.ec\/wp-content\/uploads\/2022\/02\/sacapalca-33.jpg 648w, https:\/\/sacapalca.gob.ec\/wp-content\/uploads\/2022\/02\/sacapalca-33-300x97.jpg 300w\" sizes=\"auto, (max-width: 648px) 100vw, 648px\" \/><\/figure><\/div>\n\n\n<p>En la actualidad en la parroquia existe un mercado parroquial en el cual se expenden granos, verduras, frutas, hortalizas, legumbres, carne de chancho, huevos de gallina criolla, queso y quesillo los d\u00edas domingos. En fechas festivas como la feria agr\u00edcola artesanal realizada cada a\u00f1o por motivo de aniversario parroquial se expone y vende ganado vacuno, porcino, aves de corral y productos elaborados como man\u00ed dulce, bocadillos, caf\u00e9 molido, harina de ma\u00edz y panela.<\/p>\n\n\n<div class=\"wp-block-image\">\n<figure class=\"aligncenter size-full\"><img loading=\"lazy\" decoding=\"async\" width=\"643\" height=\"214\" src=\"https:\/\/sacapalca.gob.ec\/wp-content\/uploads\/2022\/02\/sacapalca-34.jpg\" alt=\"\" class=\"wp-image-207\" srcset=\"https:\/\/sacapalca.gob.ec\/wp-content\/uploads\/2022\/02\/sacapalca-34.jpg 643w, https:\/\/sacapalca.gob.ec\/wp-content\/uploads\/2022\/02\/sacapalca-34-300x100.jpg 300w\" sizes=\"auto, (max-width: 643px) 100vw, 643px\" \/><\/figure><\/div>\n\n\n<p><strong>Flora<\/strong><\/p>\n\n\n\n<p>La parroquia Sacapalca posee una gran diversidad de flora, en la que destacan especies arb\u00f3reas, arbustivas y herb\u00e1ceas tales como: cedro, aliso, higuer\u00f3n, molle, pumamaki, mosquera, lechero, chereco, porotillo, moral, wilco, higuerilla, arupo, guayaba, tuna, chirimoyo, guaba, mango, caf\u00e9, aguacate, orqu\u00eddeas, helechos, etc.<\/p>\n\n\n<div class=\"wp-block-image\">\n<figure class=\"aligncenter size-full\"><img loading=\"lazy\" decoding=\"async\" width=\"651\" height=\"240\" src=\"https:\/\/sacapalca.gob.ec\/wp-content\/uploads\/2022\/02\/sacapalca-35.jpg\" alt=\"\" class=\"wp-image-209\" srcset=\"https:\/\/sacapalca.gob.ec\/wp-content\/uploads\/2022\/02\/sacapalca-35.jpg 651w, https:\/\/sacapalca.gob.ec\/wp-content\/uploads\/2022\/02\/sacapalca-35-300x111.jpg 300w\" sizes=\"auto, (max-width: 651px) 100vw, 651px\" \/><\/figure><\/div>\n\n\n<p><strong>Fauna<\/strong><\/p>\n\n\n\n<p>La diversidad de fauna que posee Sacapalca est\u00e1 conformada por: ardillas, guanchaca, conejos, venado colorado, venado de cola blanca, zorro, guatusa, armadillo; aves entre las que est\u00e1n, el mirlo, gavil\u00e1n, pava de monte, p\u00e1jaro carpintero, loro verde, gallinazo negro, torcaza, colibr\u00eds, tordo, chilalo, garrapateros, etc.; reptiles como, lagartijas, rana verde, salamanqueja, pacasos (iguanas), culebra, falso coral, colambo, etc.<\/p>\n\n\n<div class=\"wp-block-image\">\n<figure class=\"aligncenter size-full\"><img loading=\"lazy\" decoding=\"async\" width=\"647\" height=\"242\" src=\"https:\/\/sacapalca.gob.ec\/wp-content\/uploads\/2022\/02\/sacapalca-36.jpg\" alt=\"\" class=\"wp-image-210\" srcset=\"https:\/\/sacapalca.gob.ec\/wp-content\/uploads\/2022\/02\/sacapalca-36.jpg 647w, https:\/\/sacapalca.gob.ec\/wp-content\/uploads\/2022\/02\/sacapalca-36-300x112.jpg 300w\" sizes=\"auto, (max-width: 647px) 100vw, 647px\" \/><\/figure><\/div>\n\n\n<p><\/p>\n\n\n\n<p><\/p>\n\n\n\n<p><\/p>\n\n\n\n<p><\/p>\n\n\n\n<p><\/p>\n\n\n\n<p><\/p>\n\n\n\n<p><\/p>\n\n\n\n<p><\/p>\n\n\n\n<p><\/p>\n","protected":false},"excerpt":{"rendered":"<p>Sacapalca dispone de una variedad de climas que van desde el fr\u00edo moderado al c\u00e1lido seco, en las riveras de los r\u00edos, debido al enmara\u00f1amiento orogr\u00e1fico que caracteriza su suelo. La producci\u00f3n es variada, como variada es su clima. La producci\u00f3n cafetera es de excelente calidad, resultando muy rentable para los agricultores, especialmente en los&hellip;&nbsp;<a href=\"https:\/\/sacapalca.gob.ec\/index.php\/produccion-importante\/\" class=\"\" rel=\"bookmark\">Leer m\u00e1s &raquo;<span class=\"screen-reader-text\">Producci\u00f3n Importante<\/span><\/a><\/p>\n","protected":false},"author":1,"featured_media":0,"parent":0,"menu_order":0,"comment_status":"closed","ping_status":"closed","template":"","meta":{"neve_meta_sidebar":"","neve_meta_container":"","neve_meta_enable_content_width":"","neve_meta_content_width":0,"neve_meta_title_alignment":"","neve_meta_author_avatar":"","neve_post_elements_order":"","neve_meta_disable_header":"","neve_meta_disable_footer":"","neve_meta_disable_title":"","footnotes":""},"class_list":["post-36","page","type-page","status-publish","hentry"],"_links":{"self":[{"href":"https:\/\/sacapalca.gob.ec\/index.php\/wp-json\/wp\/v2\/pages\/36","targetHints":{"allow":["GET"]}}],"collection":[{"href":"https:\/\/sacapalca.gob.ec\/index.php\/wp-json\/wp\/v2\/pages"}],"about":[{"href":"https:\/\/sacapalca.gob.ec\/index.php\/wp-json\/wp\/v2\/types\/page"}],"author":[{"embeddable":true,"href":"https:\/\/sacapalca.gob.ec\/index.php\/wp-json\/wp\/v2\/users\/1"}],"replies":[{"embeddable":true,"href":"https:\/\/sacapalca.gob.ec\/index.php\/wp-json\/wp\/v2\/comments?post=36"}],"version-history":[{"count":5,"href":"https:\/\/sacapalca.gob.ec\/index.php\/wp-json\/wp\/v2\/pages\/36\/revisions"}],"predecessor-version":[{"id":2419,"href":"https:\/\/sacapalca.gob.ec\/index.php\/wp-json\/wp\/v2\/pages\/36\/revisions\/2419"}],"wp:attachment":[{"href":"https:\/\/sacapalca.gob.ec\/index.php\/wp-json\/wp\/v2\/media?parent=36"}],"curies":[{"name":"wp","href":"https:\/\/api.w.org\/{rel}","templated":true}]}}