{"id":40,"date":"2022-02-25T20:07:17","date_gmt":"2022-02-25T20:07:17","guid":{"rendered":"https:\/\/sacapalca.gob.ec\/?page_id=40"},"modified":"2022-02-25T21:02:39","modified_gmt":"2022-02-25T21:02:39","slug":"atractivos-turisticos","status":"publish","type":"page","link":"https:\/\/sacapalca.gob.ec\/index.php\/atractivos-turisticos\/","title":{"rendered":"Atractivos Tur\u00edsticos"},"content":{"rendered":"\n<p>En dos de sus lados est\u00e1 dibujado el sol con rasgos similares, el sol es el dios principal de los Paltas.<\/p>\n\n\n\n<div class=\"wp-block-image\"><figure class=\"aligncenter size-full\"><img loading=\"lazy\" decoding=\"async\" width=\"631\" height=\"234\" src=\"https:\/\/sacapalca.gob.ec\/wp-content\/uploads\/2022\/02\/Screenshot-25_02_2022-02_23_19-p_-m.jpg\" alt=\"\" class=\"wp-image-230\" srcset=\"https:\/\/sacapalca.gob.ec\/wp-content\/uploads\/2022\/02\/Screenshot-25_02_2022-02_23_19-p_-m.jpg 631w, https:\/\/sacapalca.gob.ec\/wp-content\/uploads\/2022\/02\/Screenshot-25_02_2022-02_23_19-p_-m-300x111.jpg 300w\" sizes=\"auto, (max-width: 631px) 100vw, 631px\" \/><\/figure><\/div>\n\n\n\n<p>Es curiosa la forma de trazar los rayos, dando la impresi\u00f3n de que se trata de la cola de un cometa. Como lo muestra la fotograf\u00eda G.S.1., utilizando la esfera solar, en su superficie se ha dibujado rostros humanos con una expresi\u00f3n un tanto melanc\u00f3lica o temerosa.<\/p>\n\n\n\n<div class=\"wp-block-image\"><figure class=\"aligncenter size-full\"><img loading=\"lazy\" decoding=\"async\" width=\"634\" height=\"227\" src=\"https:\/\/sacapalca.gob.ec\/wp-content\/uploads\/2022\/02\/Screenshot-25_02_2022-02_23_34-p_-m.jpg\" alt=\"\" class=\"wp-image-231\" srcset=\"https:\/\/sacapalca.gob.ec\/wp-content\/uploads\/2022\/02\/Screenshot-25_02_2022-02_23_34-p_-m.jpg 634w, https:\/\/sacapalca.gob.ec\/wp-content\/uploads\/2022\/02\/Screenshot-25_02_2022-02_23_34-p_-m-300x107.jpg 300w\" sizes=\"auto, (max-width: 634px) 100vw, 634px\" \/><\/figure><\/div>\n\n\n\n<p>A pesar de contar con grandiosos sitios naturales de inter\u00e9s tur\u00edsticos, con mucho potencial, estos no han sido explotados de forma adecuada y coherente con el medio ambiente. Seg\u00fan el cuadro anterior, podemos decir que el 45,45% del patrimonio natural y tur\u00edstico est\u00e1 en malas condiciones de conservaci\u00f3n, tomando en cuenta las v\u00edas de acceso, se\u00f1alizaci\u00f3n, etc. y el otro 45,45 % en condiciones regulares y s\u00f3lo 9,09% se encuentra en buenas condiciones.<\/p>\n\n\n\n<div class=\"wp-block-image\"><figure class=\"aligncenter size-full\"><img loading=\"lazy\" decoding=\"async\" width=\"632\" height=\"207\" src=\"https:\/\/sacapalca.gob.ec\/wp-content\/uploads\/2022\/02\/Screenshot-25_02_2022-02_23_46-p_-m.jpg\" alt=\"\" class=\"wp-image-233\" srcset=\"https:\/\/sacapalca.gob.ec\/wp-content\/uploads\/2022\/02\/Screenshot-25_02_2022-02_23_46-p_-m.jpg 632w, https:\/\/sacapalca.gob.ec\/wp-content\/uploads\/2022\/02\/Screenshot-25_02_2022-02_23_46-p_-m-300x98.jpg 300w\" sizes=\"auto, (max-width: 632px) 100vw, 632px\" \/><\/figure><\/div>\n\n\n\n<p><strong>Los principales atractivos de la parroquia son los siguientes:<\/strong><\/p>\n\n\n\n<p><strong>Cerro Surapo<\/strong><\/p>\n\n\n\n<p>Es una elevaci\u00f3n natural con una diversidad de vegetaci\u00f3n nativa que abarca una extensa flora y fauna, se encuentra geogr\u00e1ficamente ubicado en las siguientes coordenadas 667110 latitud sur y 9539560 longitud oeste, a 5 km del centro urbano de la parroquia Sacapalca.<\/p>\n\n\n\n<p>Ha sido la fuente de inspiraci\u00f3n de misteriosas leyendas en la que se afirma que tiempos atr\u00e1s existi\u00f3 un jard\u00edn encantado que en determinado d\u00eda del a\u00f1o aparece y si alguien logra entrar se queda atrapado para siempre, es m\u00e1s existen enormes rocas en forma de puertas las que se dice son la entrada al interior del cerro a un mundo m\u00e1gico y misterioso.<\/p>\n\n\n\n<div class=\"wp-block-image\"><figure class=\"aligncenter size-full\"><img loading=\"lazy\" decoding=\"async\" width=\"635\" height=\"212\" src=\"https:\/\/sacapalca.gob.ec\/wp-content\/uploads\/2022\/02\/Screenshot-25_02_2022-02_24_13-p_-m.jpg\" alt=\"\" class=\"wp-image-235\" srcset=\"https:\/\/sacapalca.gob.ec\/wp-content\/uploads\/2022\/02\/Screenshot-25_02_2022-02_24_13-p_-m.jpg 635w, https:\/\/sacapalca.gob.ec\/wp-content\/uploads\/2022\/02\/Screenshot-25_02_2022-02_24_13-p_-m-300x100.jpg 300w\" sizes=\"auto, (max-width: 635px) 100vw, 635px\" \/><\/figure><\/div>\n\n\n\n<p><strong>\u2022 Las Pailas de San Ignacio<\/strong><\/p>\n\n\n\n<p>Las Pailas de San Ignacio est\u00e1n localizadas, aproximadamente a 2 km del centro parroquial de Sacapalca, la traves\u00eda para explorar este paisaje natural inicia en la siguiente coordenada geogr\u00e1fica 663384 latitud sur y 9539296 longitud oeste, a una altitud de 1290 msnm. Siguiendo el cauce de la quebrada de San Ignacio, aguas abajo se puede apreciar la belleza natural de la flora y fauna que posee el lugar, as\u00ed como tambi\u00e9n rocas con calicantos de m\u00faltiples colores, hasta llegar a las pailas de San Ignacio que se ubican en las siguientes coordenadas 663381 latitud sur y 9539296 longitud oeste, aqu\u00ed se puede observar un lecho de rocas naturales que por el continuo correr de las aguas provenientes de la quebrada de San Ignacio dieron lugar a la formaci\u00f3n de pailas, como si hubieran sido talladas en la roca y de un canal natural en forma de tobog\u00e1n de 4 m de longitud que desemboca en la paila m\u00e1s grande, el visitante puede apreciar el paisaje y disfrutar de un ba\u00f1o al aire libre en estas cristalinas aguas.<\/p>\n\n\n\n<div class=\"wp-block-image\"><figure class=\"aligncenter size-full\"><img loading=\"lazy\" decoding=\"async\" width=\"631\" height=\"220\" src=\"https:\/\/sacapalca.gob.ec\/wp-content\/uploads\/2022\/02\/Screenshot-25_02_2022-02_24_27-p_-m.jpg\" alt=\"\" class=\"wp-image-237\" srcset=\"https:\/\/sacapalca.gob.ec\/wp-content\/uploads\/2022\/02\/Screenshot-25_02_2022-02_24_27-p_-m.jpg 631w, https:\/\/sacapalca.gob.ec\/wp-content\/uploads\/2022\/02\/Screenshot-25_02_2022-02_24_27-p_-m-300x105.jpg 300w\" sizes=\"auto, (max-width: 631px) 100vw, 631px\" \/><\/figure><\/div>\n\n\n\n<p><strong>\u2022 Fondo Infiernillos<\/strong><\/p>\n\n\n\n<p>Este fondo se encuentra aguas abajo siguiendo el cauce de agua formado por la uni\u00f3n de las quebradas de Titianga y Sacairo, avanzando en la trayectoria de la ruta de las Pailas de San Ignacio, aproximadamente a 4 Km de recorrido desde el punto inicial citado en el recorrido anterior, donde a lo largo del mismo se puede apreciar la belleza del paisaje natural.<\/p>\n\n\n\n<p>Geogr\u00e1ficamente se encuentra ubicado en las siguientes coordenadas 661913 latitud sur y 9539635 longitud oeste a una altura de 1117 msnm. Su nombre de infiernillos se le atribuye a que est\u00e1 cubierto por dos pe\u00f1ascos enca\u00f1onados, lo que no permite el ingreso ni su visibilidad por la parte superior, al fondo por la ca\u00edda del agua se forma una peque\u00f1a laguna propicia para que el visitante pueda disfrutar de un refrescante ba\u00f1o.<\/p>\n\n\n\n<div class=\"wp-block-image\"><figure class=\"aligncenter size-full\"><img loading=\"lazy\" decoding=\"async\" width=\"634\" height=\"232\" src=\"https:\/\/sacapalca.gob.ec\/wp-content\/uploads\/2022\/02\/Screenshot-25_02_2022-02_24_37-p_-m.jpg\" alt=\"\" class=\"wp-image-238\" srcset=\"https:\/\/sacapalca.gob.ec\/wp-content\/uploads\/2022\/02\/Screenshot-25_02_2022-02_24_37-p_-m.jpg 634w, https:\/\/sacapalca.gob.ec\/wp-content\/uploads\/2022\/02\/Screenshot-25_02_2022-02_24_37-p_-m-300x110.jpg 300w\" sizes=\"auto, (max-width: 634px) 100vw, 634px\" \/><\/figure><\/div>\n\n\n\n<p><strong>Playas del Puente La Palma<\/strong><\/p>\n\n\n\n<p>Este lugar se encuentra ubicado en las siguientes coordenadas geogr\u00e1ficas 660247 latitud sur y 9547082 longitud oeste, a una distancia aproximada de 12 km desde la cabecera parroquial de Sacapalca por la v\u00eda que conduce a San Vicente del R\u00edo del cant\u00f3n Paltas donde se puede disfrutar de peque\u00f1as playas formadas a las riveras del rio Catamayo y adem\u00e1s puede deleitarse de los paisajes formados por la vegetaci\u00f3n existente como son peque\u00f1os cultivos de ciclo corto, tambi\u00e9n se puede disfrutar de comidas t\u00edpicas del sector.<\/p>\n\n\n\n<div class=\"wp-block-image\"><figure class=\"aligncenter size-full\"><img loading=\"lazy\" decoding=\"async\" width=\"632\" height=\"222\" src=\"https:\/\/sacapalca.gob.ec\/wp-content\/uploads\/2022\/02\/Screenshot-25_02_2022-02_24_47-p_-m.jpg\" alt=\"\" class=\"wp-image-239\" srcset=\"https:\/\/sacapalca.gob.ec\/wp-content\/uploads\/2022\/02\/Screenshot-25_02_2022-02_24_47-p_-m.jpg 632w, https:\/\/sacapalca.gob.ec\/wp-content\/uploads\/2022\/02\/Screenshot-25_02_2022-02_24_47-p_-m-300x105.jpg 300w\" sizes=\"auto, (max-width: 632px) 100vw, 632px\" \/><\/figure><\/div>\n\n\n\n<p><strong>Cascadas de Sacairo<\/strong><\/p>\n\n\n\n<p>Se ubica en la parroquia de Sacapalca entre las siguientes coordenadas geogr\u00e1ficas 664809 y 9545451, a pocos metros del sector de las bocanas, donde se encuentra una majestuosa ca\u00edda de aguas cristalinas formando una cascada que deja caer su velo de agua desde una altura de 10m formando una laguna donde los visitantes pueden disfrutar de su frescura y esplendor.<\/p>\n\n\n\n<div class=\"wp-block-image\"><figure class=\"aligncenter size-full\"><img loading=\"lazy\" decoding=\"async\" width=\"635\" height=\"215\" src=\"https:\/\/sacapalca.gob.ec\/wp-content\/uploads\/2022\/02\/Screenshot-25_02_2022-02_24_58-p_-m.jpg\" alt=\"\" class=\"wp-image-241\" srcset=\"https:\/\/sacapalca.gob.ec\/wp-content\/uploads\/2022\/02\/Screenshot-25_02_2022-02_24_58-p_-m.jpg 635w, https:\/\/sacapalca.gob.ec\/wp-content\/uploads\/2022\/02\/Screenshot-25_02_2022-02_24_58-p_-m-300x102.jpg 300w\" sizes=\"auto, (max-width: 635px) 100vw, 635px\" \/><\/figure><\/div>\n\n\n\n<p><strong>Fondo San Pablo<\/strong><\/p>\n\n\n\n<p>Es un lugar encantador de belleza natural, para llegar a este magn\u00edfico lugar se hace un recorrido que inicia desde el barrio Sacairo desde el punto ubicado en las siguientes coordenadas geogr\u00e1ficas 664410 latitud sur y 9546368 longitud oeste. Se sigue el lecho de la quebrada aguas abajo, llegando a un primer fondo peque\u00f1o, siguiendo el trayecto se llega al punto donde se unen las quebradas de Potrerillos y Sacairo, avanzando el recorrido hacia una enca\u00f1onada denominada Paso de Paja Blanca, para finalmente llegar al Fondo de San Pablo, que geogr\u00e1ficamente se localiza en las siguientes coordenadas 664401 latitud sur y 9546368 longitud oeste a una altitud de 1068 msnm. Este recorrido brinda la oportunidad de disfrutar de la naturaleza, el aire libre, los paisajes de flora y fauna propios y caracter\u00edsticos de la parroquia Sacapalca.<\/p>\n\n\n\n<div class=\"wp-block-image\"><figure class=\"aligncenter size-full\"><img loading=\"lazy\" decoding=\"async\" width=\"628\" height=\"234\" src=\"https:\/\/sacapalca.gob.ec\/wp-content\/uploads\/2022\/02\/Screenshot-25_02_2022-02_25_11-p_-m.jpg\" alt=\"\" class=\"wp-image-242\" srcset=\"https:\/\/sacapalca.gob.ec\/wp-content\/uploads\/2022\/02\/Screenshot-25_02_2022-02_25_11-p_-m.jpg 628w, https:\/\/sacapalca.gob.ec\/wp-content\/uploads\/2022\/02\/Screenshot-25_02_2022-02_25_11-p_-m-300x112.jpg 300w\" sizes=\"auto, (max-width: 628px) 100vw, 628px\" \/><\/figure><\/div>\n\n\n\n<p><strong>Cascadas de El Tejar<\/strong><\/p>\n\n\n\n<p>El recorrido por este maravilloso lugar inicia en la molienda de la familia Barrera que se encuentra en el barrio El Tejar ubicada en las siguientes coordenadas 667812 latitud sur y 9539201 longitud oeste. Siguiendo el cauce aguas abajo de la quebrada Sabilaca se observa alrededor de 7 ca\u00eddas de agua cristalina, la m\u00e1s representativa se localiza geogr\u00e1ficamente en las coordenadas 667892 latitud Ssur y 9539639 longitud oeste, estas ca\u00eddas de agua forman bellos paisajes en conjunci\u00f3n con la vegetaci\u00f3n que los rodea, para el deleite de los lugare\u00f1os y de los visitantes.<\/p>\n\n\n\n<div class=\"wp-block-image\"><figure class=\"aligncenter size-full\"><img loading=\"lazy\" decoding=\"async\" width=\"634\" height=\"236\" src=\"https:\/\/sacapalca.gob.ec\/wp-content\/uploads\/2022\/02\/Screenshot-25_02_2022-02_25_29-p_-m.jpg\" alt=\"\" class=\"wp-image-243\" srcset=\"https:\/\/sacapalca.gob.ec\/wp-content\/uploads\/2022\/02\/Screenshot-25_02_2022-02_25_29-p_-m.jpg 634w, https:\/\/sacapalca.gob.ec\/wp-content\/uploads\/2022\/02\/Screenshot-25_02_2022-02_25_29-p_-m-300x112.jpg 300w\" sizes=\"auto, (max-width: 634px) 100vw, 634px\" \/><\/figure><\/div>\n\n\n\n<p><strong>Petroglifo El Tejar<\/strong><\/p>\n\n\n\n<p>Se encuentra ubicado en la parroquia de Sacapalca en el barrio el Tejar entre las siguientes coordenadas geogr\u00e1ficas 668596 latitud sur y 9540788 longitud oeste. Para llegar a este lugar se lo puede hacer por la v\u00eda que conduce a Sacapalca, se llega a la altura de la (Y) de Combolo se ingresa por los barrios Combolo, Potrerillos, sector de Pueblo Nuevo llegando a la altura de la casa de la Sra. In\u00e9s Cueva ah\u00ed se toma un camino a mano izquierda hacia la parte de El Tejar.<\/p>\n\n\n\n<p><strong>Caracter\u00edsticas:<\/strong> Este lugar es un complejo arqueol\u00f3gico, se ubica en la propiedad privada del se\u00f1or Nixon Bravo. Existen alrededor de 7 grabados en piedra en diferentes sitios, aqu\u00ed se puede apreciar una piedra grande de aproximadamente 4 m de altura por 4 m ancho donde se divisa una figura que representa la dualidad, sol-luna, noche-d\u00eda, tristeza-alegr\u00eda.<\/p>\n\n\n\n<p>Adem\u00e1s, se pueden distinguir espirales y los tasines que son unos hoyos en las piedras que se realizaban con fines de visualizar la alineaci\u00f3n de las estrellas en los equinoccios y solsticios.<\/p>\n\n\n\n<div class=\"wp-block-image\"><figure class=\"aligncenter size-full\"><img loading=\"lazy\" decoding=\"async\" width=\"633\" height=\"236\" src=\"https:\/\/sacapalca.gob.ec\/wp-content\/uploads\/2022\/02\/Screenshot-25_02_2022-02_25_38-p_-m.jpg\" alt=\"\" class=\"wp-image-244\" srcset=\"https:\/\/sacapalca.gob.ec\/wp-content\/uploads\/2022\/02\/Screenshot-25_02_2022-02_25_38-p_-m.jpg 633w, https:\/\/sacapalca.gob.ec\/wp-content\/uploads\/2022\/02\/Screenshot-25_02_2022-02_25_38-p_-m-300x112.jpg 300w\" sizes=\"auto, (max-width: 633px) 100vw, 633px\" \/><\/figure><\/div>\n\n\n\n<p><strong>Petroglifo de Santa Esther<\/strong><\/p>\n\n\n\n<p>Se encuentra ubicado en el barrio Santa Esther de la parroquia Sacapalca, en la hacienda de Cajamarquilla a 15 minutos en veh\u00edculo desde la cabecera parroquial a una distancia de 4,7 km, para llegar a los petroglifos se realiza una caminata por un sendero de 2 km, por el margen izquierdo del rio Catamayo.<\/p>\n\n\n\n<div class=\"wp-block-image\"><figure class=\"aligncenter size-full\"><img loading=\"lazy\" decoding=\"async\" width=\"630\" height=\"235\" src=\"https:\/\/sacapalca.gob.ec\/wp-content\/uploads\/2022\/02\/Screenshot-25_02_2022-02_25_46-p_-m.jpg\" alt=\"\" class=\"wp-image-245\" srcset=\"https:\/\/sacapalca.gob.ec\/wp-content\/uploads\/2022\/02\/Screenshot-25_02_2022-02_25_46-p_-m.jpg 630w, https:\/\/sacapalca.gob.ec\/wp-content\/uploads\/2022\/02\/Screenshot-25_02_2022-02_25_46-p_-m-300x112.jpg 300w\" sizes=\"auto, (max-width: 630px) 100vw, 630px\" \/><\/figure><\/div>\n\n\n\n<p><strong>Caracter\u00edsticas:<\/strong> Este petroglifo se encuentra a 1000 msnm sobre una roca que tiene forma de pir\u00e1mide alargada con tres caras, su altura es de 1,35 m, su base tiene 1,50m de ancho de cara oeste y de la cara norte es de 0,80 m las caras oeste y norte est\u00e1n gravadas con una expresiva imagen solar que se refleja en ambas caras siendo m\u00e1s peque\u00f1a la de la cara norte, adem\u00e1s tiene trazos semejantes a la cola de un cometa, dentro de la esfera del sol, el grabado donde est\u00e1 la presentaci\u00f3n m\u00e1s definida se encuentra hacia el poniente del sol teniendo una vista fant\u00e1stica cuando el sol ilumina perpendicularmente desde el ocaso la cara oeste de la roca.<\/p>\n\n\n\n<div class=\"wp-block-image\"><figure class=\"aligncenter size-full\"><img loading=\"lazy\" decoding=\"async\" width=\"631\" height=\"230\" src=\"https:\/\/sacapalca.gob.ec\/wp-content\/uploads\/2022\/02\/Screenshot-25_02_2022-02_25_57-p_-m.jpg\" alt=\"\" class=\"wp-image-246\" srcset=\"https:\/\/sacapalca.gob.ec\/wp-content\/uploads\/2022\/02\/Screenshot-25_02_2022-02_25_57-p_-m.jpg 631w, https:\/\/sacapalca.gob.ec\/wp-content\/uploads\/2022\/02\/Screenshot-25_02_2022-02_25_57-p_-m-300x109.jpg 300w\" sizes=\"auto, (max-width: 631px) 100vw, 631px\" \/><\/figure><\/div>\n\n\n\n<p><strong>Cerro Chalacanuma<\/strong><\/p>\n\n\n\n<p>El cerro Chalacanuma, se yergue majestuoso, custodiando a los sacapalquenses. Cuentan los antiguos que antes era un volc\u00e1n pasivo. Alberga una diversidad de flora y fauna que le otorgan una belleza natural.<\/p>\n\n\n\n<p><strong>\u2022 Cascada El Perico<\/strong><\/p>\n\n\n\n<p>Este lugar se encuentra en el barrio las Huacas sector el Huangui, entre las siguientes coordenadas geogr\u00e1ficas 666139 latitud sur y 9537092 longitud oeste a una altura de 1841 msnm. Para llegar a este lugar se debe trasladar por la v\u00eda que conduce a Changaimina antes de llegar al barrio La Cruz de Yazapa, desde la v\u00eda principal se realiza una caminata de aproximadamente 20 minutos durante la cual se puede disfrutar de la naturaleza y sus paisajes.<\/p>\n\n\n\n<div class=\"wp-block-image\"><figure class=\"aligncenter size-full\"><img loading=\"lazy\" decoding=\"async\" width=\"627\" height=\"264\" src=\"https:\/\/sacapalca.gob.ec\/wp-content\/uploads\/2022\/02\/Screenshot-25_02_2022-02_26_06-p_-m.jpg\" alt=\"\" class=\"wp-image-248\" srcset=\"https:\/\/sacapalca.gob.ec\/wp-content\/uploads\/2022\/02\/Screenshot-25_02_2022-02_26_06-p_-m.jpg 627w, https:\/\/sacapalca.gob.ec\/wp-content\/uploads\/2022\/02\/Screenshot-25_02_2022-02_26_06-p_-m-300x126.jpg 300w\" sizes=\"auto, (max-width: 627px) 100vw, 627px\" \/><\/figure><\/div>\n\n\n\n<p><strong>Ruta de Los Mangos<\/strong><\/p>\n\n\n\n<p>Ciclo paseo Ruta de Los Mangos es una organizaci\u00f3n del grupo Colambo Riders, con el GAD Sacapalca y la empresa privada Zerimar, este ciclo paseo se lo viene realizando hace algunos a\u00f1os, este periodo 2021 ser\u00e1 la s\u00e9ptima edici\u00f3n, la fecha a realizarse son los primeros d\u00edas del mes de enero hasta el d\u00eda 15 respectivamente. El punto de partida de este recorrido de aventura inicia desde la ciudad de Gonzanam\u00e1, avanzando por los siguientes barrios: Sunamanga, Los Lirios, Los Encuentros, Las Huacas, Sacapalca, San Antonio de Sacapalca y Sarapanga llegando a las riberas del r\u00edo Catamayo, tiene una trayectoria de 40 a 42 Km de distancia aproximadamente, en su recorrido se puede deleitar de los paisajes naturales de flora y fauna, en especial en las partes bajas como lo son los barrios de, San Antonio de Sacapalca, Santa Esther, Chirimoyos y partes de la ribera de los r\u00edo Catamayo se encuentra y se puede deleitar de una exquisita fruta que se da en un ambiente natural sin qu\u00edmicos, como lo son los mangos, el ciclo paseo finaliza en la propiedad privada del Sr. Jorge Ram\u00edrez propietario de la cadena Zerimar, ubicada en la parte baja de Sacapalca en el barrio Sarapanga, aqu\u00ed el deportista o turista puede disfrutar de un descanso acogedor y disponer de sus instalaciones como son la piscina, yacusi, etc.<\/p>\n\n\n\n<p><strong>Ciclo paseo Ruta de Los Mangos.<\/strong><\/p>\n\n\n\n<div class=\"wp-block-image\"><figure class=\"aligncenter size-full\"><img loading=\"lazy\" decoding=\"async\" width=\"630\" height=\"238\" src=\"https:\/\/sacapalca.gob.ec\/wp-content\/uploads\/2022\/02\/Screenshot-25_02_2022-02_26_20-p_-m.jpg\" alt=\"\" class=\"wp-image-250\" srcset=\"https:\/\/sacapalca.gob.ec\/wp-content\/uploads\/2022\/02\/Screenshot-25_02_2022-02_26_20-p_-m.jpg 630w, https:\/\/sacapalca.gob.ec\/wp-content\/uploads\/2022\/02\/Screenshot-25_02_2022-02_26_20-p_-m-300x113.jpg 300w\" sizes=\"auto, (max-width: 630px) 100vw, 630px\" \/><\/figure><\/div>\n\n\n\n<p><\/p>\n","protected":false},"excerpt":{"rendered":"<p>En dos de sus lados est\u00e1 dibujado el sol con rasgos similares, el sol es el dios principal de los Paltas. Es curiosa la forma de trazar los rayos, dando la impresi\u00f3n de que se trata de la cola de un cometa. Como lo muestra la fotograf\u00eda G.S.1., utilizando la esfera solar, en su superficie&hellip;&nbsp;<a href=\"https:\/\/sacapalca.gob.ec\/index.php\/atractivos-turisticos\/\" class=\"\" rel=\"bookmark\">Leer m\u00e1s &raquo;<span class=\"screen-reader-text\">Atractivos Tur\u00edsticos<\/span><\/a><\/p>\n","protected":false},"author":1,"featured_media":0,"parent":0,"menu_order":0,"comment_status":"closed","ping_status":"closed","template":"","meta":{"neve_meta_sidebar":"","neve_meta_container":"","neve_meta_enable_content_width":"","neve_meta_content_width":0,"neve_meta_title_alignment":"","neve_meta_author_avatar":"","neve_post_elements_order":"","neve_meta_disable_header":"","neve_meta_disable_footer":"","neve_meta_disable_title":"","footnotes":""},"class_list":["post-40","page","type-page","status-publish","hentry"],"_links":{"self":[{"href":"https:\/\/sacapalca.gob.ec\/index.php\/wp-json\/wp\/v2\/pages\/40","targetHints":{"allow":["GET"]}}],"collection":[{"href":"https:\/\/sacapalca.gob.ec\/index.php\/wp-json\/wp\/v2\/pages"}],"about":[{"href":"https:\/\/sacapalca.gob.ec\/index.php\/wp-json\/wp\/v2\/types\/page"}],"author":[{"embeddable":true,"href":"https:\/\/sacapalca.gob.ec\/index.php\/wp-json\/wp\/v2\/users\/1"}],"replies":[{"embeddable":true,"href":"https:\/\/sacapalca.gob.ec\/index.php\/wp-json\/wp\/v2\/comments?post=40"}],"version-history":[{"count":4,"href":"https:\/\/sacapalca.gob.ec\/index.php\/wp-json\/wp\/v2\/pages\/40\/revisions"}],"predecessor-version":[{"id":251,"href":"https:\/\/sacapalca.gob.ec\/index.php\/wp-json\/wp\/v2\/pages\/40\/revisions\/251"}],"wp:attachment":[{"href":"https:\/\/sacapalca.gob.ec\/index.php\/wp-json\/wp\/v2\/media?parent=40"}],"curies":[{"name":"wp","href":"https:\/\/api.w.org\/{rel}","templated":true}]}}